{"id":3735,"date":"2022-09-22T11:12:02","date_gmt":"2022-09-22T11:12:02","guid":{"rendered":"https:\/\/staging.slusniaparati-beltone.si\/beltone-rely\/"},"modified":"2025-08-18T12:01:08","modified_gmt":"2025-08-18T12:01:08","slug":"beltone-rely","status":"publish","type":"page","link":"https:\/\/slusniaparati-beltone.si\/it\/beltone-rely\/","title":{"rendered":"Beltone Rely"},"content":{"rendered":"\t\t<div data-elementor-type=\"wp-page\" data-elementor-id=\"3735\" class=\"elementor elementor-3735 elementor-2898\" data-elementor-post-type=\"page\">\n\t\t\t\t\t\t<section class=\"elementor-section elementor-top-section elementor-element elementor-element-35dbde40 elementor-section-boxed elementor-section-height-default elementor-section-height-default\" data-id=\"35dbde40\" data-element_type=\"section\">\n\t\t\t\t\t\t<div class=\"elementor-container elementor-column-gap-default\">\n\t\t\t\t\t<div class=\"elementor-column elementor-col-50 elementor-top-column elementor-element elementor-element-40766a1a\" data-id=\"40766a1a\" data-element_type=\"column\">\n\t\t\t<div class=\"elementor-widget-wrap elementor-element-populated\">\n\t\t\t\t\t\t<div class=\"elementor-element elementor-element-1777d4cf elementor-widget elementor-widget-heading\" data-id=\"1777d4cf\" data-element_type=\"widget\" data-widget_type=\"heading.default\">\n\t\t\t\t\t<h2 class=\"elementor-heading-title elementor-size-default\">Beltone RELY <br> slu\u0161ni aparati<\/h2>\t\t\t\t<\/div>\n\t\t\t\t<div class=\"elementor-element elementor-element-465afdec elementor-widget elementor-widget-heading\" data-id=\"465afdec\" data-element_type=\"widget\" data-widget_type=\"heading.default\">\n\t\t\t\t\t<h4 class=\"elementor-heading-title elementor-size-default\">Zaupajte v svoj sluh <br> <br>\nOsredoto\u010dite se na najpomembnej\u0161e zvoke<\/h4>\t\t\t\t<\/div>\n\t\t\t\t<div class=\"elementor-element elementor-element-15b99e29 elementor-widget elementor-widget-text-editor\" data-id=\"15b99e29\" data-element_type=\"widget\" data-widget_type=\"text-editor.default\">\n\t\t\t\t\t\t\t\t\tOkvara sluha vas ne sme ovirati, da ne bi \u017eiveli polnega\n\u017eivljenja. Slu\u0161ni aparat Beltone Rely je zato zasnovan tako,\nda zagotavlja re\u0161itev za sluh z odli\u010dno kakovostjo zvoka,\ndolgotrajno zmogljivostjo ponovnega polnjenja in udobno\nobliko, ki se prilega vsakemu u\u0161esu.\t\t\t\t\t\t\t\t<\/div>\n\t\t\t\t<div class=\"elementor-element elementor-element-7a0c50f elementor-widget elementor-widget-heading\" data-id=\"7a0c50f\" data-element_type=\"widget\" data-widget_type=\"heading.default\">\n\t\t\t\t\t<h4 class=\"elementor-heading-title elementor-size-default\">Brezhiben zvok<\/h4>\t\t\t\t<\/div>\n\t\t\t\t<div class=\"elementor-element elementor-element-6c14c056 elementor-widget elementor-widget-text-editor\" data-id=\"6c14c056\" data-element_type=\"widget\" data-widget_type=\"text-editor.default\">\n\t\t\t\t\t\t\t\t\t<p>Ne glede na to, ali ste na zmenku ali se dru\u017eite s prijatelji, sli\u0161ali boste vsako besedo. Beltone Rely je zasnovan na podlagi na\u0161e preizku\u0161ene in preverjene tehnologije, ki zagotavlja brezhiben zvok ne glede na to, kje se nahajate.<\/p><p>Napredna tehnologija omogo\u010da, da oba slu\u0161na aparata delujeta skupaj in vam pomagata osredoto\u010diti se na poslu\u0161anje najpomembnej\u0161ih zvokov pred vami, hkrati pa se zavedate drugih zvokov iz ozadja \u2013 tudi v hrupnih okoljih.<\/p>\t\t\t\t\t\t\t\t<\/div>\n\t\t\t\t\t<\/div>\n\t\t<\/div>\n\t\t\t\t<div class=\"elementor-column elementor-col-50 elementor-top-column elementor-element elementor-element-7ef8906d\" data-id=\"7ef8906d\" data-element_type=\"column\" data-settings=\"{&quot;background_background&quot;:&quot;classic&quot;}\">\n\t\t\t<div class=\"elementor-widget-wrap elementor-element-populated\">\n\t\t\t\t\t\t<div class=\"elementor-element elementor-element-47f5520a elementor-widget elementor-widget-spacer\" data-id=\"47f5520a\" data-element_type=\"widget\" data-widget_type=\"spacer.default\">\n\t\t\t\t\t\t\t<div class=\"elementor-spacer\">\n\t\t\t<div class=\"elementor-spacer-inner\"><\/div>\n\t\t<\/div>\n\t\t\t\t\t\t<\/div>\n\t\t\t\t<div class=\"elementor-element elementor-element-32bbf949 elementor-widget elementor-widget-spacer\" data-id=\"32bbf949\" data-element_type=\"widget\" data-widget_type=\"spacer.default\">\n\t\t\t\t\t\t\t<div class=\"elementor-spacer\">\n\t\t\t<div class=\"elementor-spacer-inner\"><\/div>\n\t\t<\/div>\n\t\t\t\t\t\t<\/div>\n\t\t\t\t\t<\/div>\n\t\t<\/div>\n\t\t\t\t\t<\/div>\n\t\t<\/section>\n\t\t\t\t<section class=\"elementor-section elementor-top-section elementor-element elementor-element-61db94f0 elementor-reverse-mobile elementor-section-boxed elementor-section-height-default elementor-section-height-default\" data-id=\"61db94f0\" data-element_type=\"section\">\n\t\t\t\t\t\t<div class=\"elementor-container elementor-column-gap-default\">\n\t\t\t\t\t<div class=\"elementor-column elementor-col-50 elementor-top-column elementor-element elementor-element-6c1b763a\" data-id=\"6c1b763a\" data-element_type=\"column\" data-settings=\"{&quot;background_background&quot;:&quot;classic&quot;}\">\n\t\t\t<div class=\"elementor-widget-wrap elementor-element-populated\">\n\t\t\t\t\t\t<div class=\"elementor-element elementor-element-4a41f0a1 elementor-widget elementor-widget-spacer\" data-id=\"4a41f0a1\" data-element_type=\"widget\" data-widget_type=\"spacer.default\">\n\t\t\t\t\t\t\t<div class=\"elementor-spacer\">\n\t\t\t<div class=\"elementor-spacer-inner\"><\/div>\n\t\t<\/div>\n\t\t\t\t\t\t<\/div>\n\t\t\t\t<div class=\"elementor-element elementor-element-78b2f445 elementor-widget elementor-widget-spacer\" data-id=\"78b2f445\" data-element_type=\"widget\" data-widget_type=\"spacer.default\">\n\t\t\t\t\t\t\t<div class=\"elementor-spacer\">\n\t\t\t<div class=\"elementor-spacer-inner\"><\/div>\n\t\t<\/div>\n\t\t\t\t\t\t<\/div>\n\t\t\t\t\t<\/div>\n\t\t<\/div>\n\t\t\t\t<div class=\"elementor-column elementor-col-50 elementor-top-column elementor-element elementor-element-2f512589\" data-id=\"2f512589\" data-element_type=\"column\" data-settings=\"{&quot;background_background&quot;:&quot;classic&quot;}\">\n\t\t\t<div class=\"elementor-widget-wrap elementor-element-populated\">\n\t\t\t\t\t\t<div class=\"elementor-element elementor-element-7911213d elementor-widget elementor-widget-heading\" data-id=\"7911213d\" data-element_type=\"widget\" data-widget_type=\"heading.default\">\n\t\t\t\t\t<h2 class=\"elementor-heading-title elementor-size-default\">Re\u0161itev, na katero se lahko zanesete<\/h2>\t\t\t\t<\/div>\n\t\t\t\t<div class=\"elementor-element elementor-element-74821401 elementor-widget elementor-widget-text-editor\" data-id=\"74821401\" data-element_type=\"widget\" data-widget_type=\"text-editor.default\">\n\t\t\t\t\t\t\t\t\tPrvi korak na poti k izbolj\u0161anju sluha je zelo pomemben, zato\nje klju\u010dnega pomena, da izberete zanesljiv slu\u0161ni aparat,\nki ustreza va\u0161emu sluhu, na\u010dinu \u017eivljenja in va\u0161im \u017eeljam.\nBeltone Rely z na\u0161o preizku\u0161eno tehnologijo ponuja zanesljivo\npolnjenje in \u0161tevilne funkcije povezljivosti po dostopni ceni.\nPrepri\u010dani smo, da je nastopil \u010das, ko si vsak zaslu\u017ei, da\nlahko \u017eivi samozavestno in spro\u0161\u010deno, ker ve, da lahko zaupa\n\nsvojemu sluhu.\t\t\t\t\t\t\t\t<\/div>\n\t\t\t\t<div class=\"elementor-element elementor-element-2bb2c7bc elementor-widget elementor-widget-heading\" data-id=\"2bb2c7bc\" data-element_type=\"widget\" data-widget_type=\"heading.default\">\n\t\t\t\t\t<h4 class=\"elementor-heading-title elementor-size-default\">Napredna tehnologija, ki uporabnikom omogo\u010da ve\u010d<\/h4>\t\t\t\t<\/div>\n\t\t\t\t<div class=\"elementor-element elementor-element-30464c67 elementor-widget elementor-widget-text-editor\" data-id=\"30464c67\" data-element_type=\"widget\" data-widget_type=\"text-editor.default\">\n\t\t\t\t\t\t\t\t\tSlu\u0161ni aparat Beltone Rely nudi vse, kar potrebujete, da se boste po\u010dutili samozavestno v vseh okoli\u0161\u010dinah. Skupaj z\nnapredno tehnologijo, ki pomaga razlo\u010devati ve\u010d zvokov\nisto\u010dasno, boste lahko vedno nadzorovali, kaj sli\u0161ite. Sedaj boste brez te\u017eav sli\u0161ali zvoke ter se la\u017eje soo\u010dili z nenadnim neprijetnim hrupom, kot je loputanje z vrati.\t\t\t\t\t\t\t\t<\/div>\n\t\t\t\t<div class=\"elementor-element elementor-element-443ffbd elementor-widget elementor-widget-image\" data-id=\"443ffbd\" data-element_type=\"widget\" data-widget_type=\"image.default\">\n\t\t\t\t\t\t\t\t\t\t\t\t\t\t\t<img fetchpriority=\"high\" decoding=\"async\" width=\"400\" height=\"314\" src=\"https:\/\/slusniaparati-beltone.si\/wp-content\/uploads\/2024\/01\/Rely-5-1-1.png\" class=\"attachment-full size-full wp-image-5025\" alt=\"\" \/>\t\t\t\t\t\t\t\t\t\t\t\t\t\t\t<\/div>\n\t\t\t\t\t<\/div>\n\t\t<\/div>\n\t\t\t\t\t<\/div>\n\t\t<\/section>\n\t\t\t\t<section class=\"elementor-section elementor-top-section elementor-element elementor-element-3686a97e elementor-section-boxed elementor-section-height-default elementor-section-height-default\" data-id=\"3686a97e\" data-element_type=\"section\">\n\t\t\t\t\t\t<div class=\"elementor-container elementor-column-gap-default\">\n\t\t\t\t\t<div class=\"elementor-column elementor-col-50 elementor-top-column elementor-element elementor-element-1997e053\" data-id=\"1997e053\" data-element_type=\"column\">\n\t\t\t<div class=\"elementor-widget-wrap elementor-element-populated\">\n\t\t\t\t\t\t<div class=\"elementor-element elementor-element-1f19ff58 elementor-widget elementor-widget-heading\" data-id=\"1f19ff58\" data-element_type=\"widget\" data-widget_type=\"heading.default\">\n\t\t\t\t\t<h2 class=\"elementor-heading-title elementor-size-default\">Dolgoro\u010dna\nre\u0161itev za sluh<\/h2>\t\t\t\t<\/div>\n\t\t\t\t<div class=\"elementor-element elementor-element-39949f46 elementor-widget elementor-widget-heading\" data-id=\"39949f46\" data-element_type=\"widget\" data-widget_type=\"heading.default\">\n\t\t\t\t\t<h4 class=\"elementor-heading-title elementor-size-default\">Ohranite baterije polne, ne glede na to, kam vas \u017eivljenje popelje<\/h4>\t\t\t\t<\/div>\n\t\t\t\t<div class=\"elementor-element elementor-element-78fd95f2 elementor-widget elementor-widget-text-editor\" data-id=\"78fd95f2\" data-element_type=\"widget\" data-widget_type=\"text-editor.default\">\n\t\t\t\t\t\t\t\t\t<p>Ne glede na to, ali pre\u017eivljate dan z vnuki ali se odpravljate na izlet, zdaj vam ni ve\u010d treba skrbeti, da bi morali narediti premor in napolniti baterije.<\/p><p>Beltone Rely ima baterijo z dolgo \u017eivljenjsko dobo, prilo\u017eena pa sta mu tudi dva elegantna in zmogljiva polnilnika, ki jima lahko zaupate: premium in namizni.<br \/>Premium polnilnik lahko uporabljate tudi kot prenosno in za\u0161\u010ditno \u0161katlico, kar je nadvse priro\u010dno na potovanjih.<\/p>\t\t\t\t\t\t\t\t<\/div>\n\t\t\t\t<section class=\"elementor-section elementor-inner-section elementor-element elementor-element-2fe2cdd1 elementor-section-boxed elementor-section-height-default elementor-section-height-default\" data-id=\"2fe2cdd1\" data-element_type=\"section\">\n\t\t\t\t\t\t<div class=\"elementor-container elementor-column-gap-default\">\n\t\t\t\t\t<div class=\"elementor-column elementor-col-100 elementor-inner-column elementor-element elementor-element-6c854bba\" data-id=\"6c854bba\" data-element_type=\"column\">\n\t\t\t<div class=\"elementor-widget-wrap elementor-element-populated\">\n\t\t\t\t\t\t<div class=\"elementor-element elementor-element-cd59981 elementor-widget elementor-widget-image\" data-id=\"cd59981\" data-element_type=\"widget\" data-widget_type=\"image.default\">\n\t\t\t\t\t\t\t\t\t\t\t\t\t\t\t<img decoding=\"async\" width=\"590\" height=\"136\" src=\"https:\/\/slusniaparati-beltone.si\/wp-content\/uploads\/2022\/09\/Beltone-slus\u030cni-aparati-Rely-baterija.jpg\" class=\"attachment-full size-full wp-image-2935\" alt=\"\" \/>\t\t\t\t\t\t\t\t\t\t\t\t\t\t\t<\/div>\n\t\t\t\t\t<\/div>\n\t\t<\/div>\n\t\t\t\t\t<\/div>\n\t\t<\/section>\n\t\t\t\t<section class=\"elementor-section elementor-inner-section elementor-element elementor-element-ebe5bcb elementor-section-boxed elementor-section-height-default elementor-section-height-default\" data-id=\"ebe5bcb\" data-element_type=\"section\">\n\t\t\t\t\t\t<div class=\"elementor-container elementor-column-gap-default\">\n\t\t\t\t\t<div class=\"elementor-column elementor-col-50 elementor-inner-column elementor-element elementor-element-6312a3a\" data-id=\"6312a3a\" data-element_type=\"column\">\n\t\t\t<div class=\"elementor-widget-wrap elementor-element-populated\">\n\t\t\t\t\t\t<div class=\"elementor-element elementor-element-689623c elementor-widget elementor-widget-image\" data-id=\"689623c\" data-element_type=\"widget\" data-widget_type=\"image.default\">\n\t\t\t\t\t\t\t\t\t\t\t\t\t\t\t<img decoding=\"async\" width=\"500\" height=\"413\" src=\"https:\/\/slusniaparati-beltone.si\/wp-content\/uploads\/2024\/01\/Rely-3.jpg\" class=\"attachment-full size-full wp-image-4937\" alt=\"\" \/>\t\t\t\t\t\t\t\t\t\t\t\t\t\t\t<\/div>\n\t\t\t\t<div class=\"elementor-element elementor-element-23948c5 elementor-widget elementor-widget-heading\" data-id=\"23948c5\" data-element_type=\"widget\" data-widget_type=\"heading.default\">\n\t\t\t\t\t<h4 class=\"elementor-heading-title elementor-size-default\">Premium polnilnik<\/h4>\t\t\t\t<\/div>\n\t\t\t\t\t<\/div>\n\t\t<\/div>\n\t\t\t\t<div class=\"elementor-column elementor-col-50 elementor-inner-column elementor-element elementor-element-02362c9\" data-id=\"02362c9\" data-element_type=\"column\">\n\t\t\t<div class=\"elementor-widget-wrap elementor-element-populated\">\n\t\t\t\t\t\t<div class=\"elementor-element elementor-element-27ff5e0 elementor-widget elementor-widget-image\" data-id=\"27ff5e0\" data-element_type=\"widget\" data-widget_type=\"image.default\">\n\t\t\t\t\t\t\t\t\t\t\t\t\t\t\t<img loading=\"lazy\" decoding=\"async\" width=\"520\" height=\"413\" src=\"https:\/\/slusniaparati-beltone.si\/wp-content\/uploads\/2024\/01\/Rely-4-5.jpg\" class=\"attachment-full size-full wp-image-4981\" alt=\"\" \/>\t\t\t\t\t\t\t\t\t\t\t\t\t\t\t<\/div>\n\t\t\t\t<div class=\"elementor-element elementor-element-c565dfc elementor-widget elementor-widget-heading\" data-id=\"c565dfc\" data-element_type=\"widget\" data-widget_type=\"heading.default\">\n\t\t\t\t\t<h4 class=\"elementor-heading-title elementor-size-default\">Namizni polnilnik<\/h4>\t\t\t\t<\/div>\n\t\t\t\t\t<\/div>\n\t\t<\/div>\n\t\t\t\t\t<\/div>\n\t\t<\/section>\n\t\t\t\t\t<\/div>\n\t\t<\/div>\n\t\t\t\t<div class=\"elementor-column elementor-col-50 elementor-top-column elementor-element elementor-element-70c1afd9\" data-id=\"70c1afd9\" data-element_type=\"column\" data-settings=\"{&quot;background_background&quot;:&quot;classic&quot;}\">\n\t\t\t<div class=\"elementor-widget-wrap elementor-element-populated\">\n\t\t\t\t\t\t<div class=\"elementor-element elementor-element-308df36f elementor-widget elementor-widget-spacer\" data-id=\"308df36f\" data-element_type=\"widget\" data-widget_type=\"spacer.default\">\n\t\t\t\t\t\t\t<div class=\"elementor-spacer\">\n\t\t\t<div class=\"elementor-spacer-inner\"><\/div>\n\t\t<\/div>\n\t\t\t\t\t\t<\/div>\n\t\t\t\t<section class=\"elementor-section elementor-inner-section elementor-element elementor-element-77af1d2c elementor-section-boxed elementor-section-height-default elementor-section-height-default\" data-id=\"77af1d2c\" data-element_type=\"section\" data-settings=\"{&quot;background_background&quot;:&quot;classic&quot;}\">\n\t\t\t\t\t\t<div class=\"elementor-container elementor-column-gap-default\">\n\t\t\t\t\t<div class=\"elementor-column elementor-col-100 elementor-inner-column elementor-element elementor-element-19ba882a\" data-id=\"19ba882a\" data-element_type=\"column\">\n\t\t\t<div class=\"elementor-widget-wrap elementor-element-populated\">\n\t\t\t\t\t\t<div class=\"elementor-element elementor-element-dccff23 elementor-widget elementor-widget-heading\" data-id=\"dccff23\" data-element_type=\"widget\" data-widget_type=\"heading.default\">\n\t\t\t\t\t<h2 class=\"elementor-heading-title elementor-size-default\">Zasnovano z mislijo na vas<\/h2>\t\t\t\t<\/div>\n\t\t\t\t\t<\/div>\n\t\t<\/div>\n\t\t\t\t\t<\/div>\n\t\t<\/section>\n\t\t\t\t<div class=\"elementor-element elementor-element-47f5fe9e elementor-widget elementor-widget-spacer\" data-id=\"47f5fe9e\" data-element_type=\"widget\" data-widget_type=\"spacer.default\">\n\t\t\t\t\t\t\t<div class=\"elementor-spacer\">\n\t\t\t<div class=\"elementor-spacer-inner\"><\/div>\n\t\t<\/div>\n\t\t\t\t\t\t<\/div>\n\t\t\t\t\t<\/div>\n\t\t<\/div>\n\t\t\t\t\t<\/div>\n\t\t<\/section>\n\t\t\t\t<section class=\"elementor-section elementor-top-section elementor-element elementor-element-2bb8f83f elementor-reverse-mobile elementor-section-boxed elementor-section-height-default elementor-section-height-default\" data-id=\"2bb8f83f\" data-element_type=\"section\">\n\t\t\t\t\t\t<div class=\"elementor-container elementor-column-gap-default\">\n\t\t\t\t\t<div class=\"elementor-column elementor-col-50 elementor-top-column elementor-element elementor-element-7af71be6\" data-id=\"7af71be6\" data-element_type=\"column\" data-settings=\"{&quot;background_background&quot;:&quot;classic&quot;}\">\n\t\t\t<div class=\"elementor-widget-wrap elementor-element-populated\">\n\t\t\t\t\t\t<div class=\"elementor-element elementor-element-64ee32e3 elementor-widget elementor-widget-spacer\" data-id=\"64ee32e3\" data-element_type=\"widget\" data-widget_type=\"spacer.default\">\n\t\t\t\t\t\t\t<div class=\"elementor-spacer\">\n\t\t\t<div class=\"elementor-spacer-inner\"><\/div>\n\t\t<\/div>\n\t\t\t\t\t\t<\/div>\n\t\t\t\t<div class=\"elementor-element elementor-element-361ffa81 elementor-widget elementor-widget-spacer\" data-id=\"361ffa81\" data-element_type=\"widget\" data-widget_type=\"spacer.default\">\n\t\t\t\t\t\t\t<div class=\"elementor-spacer\">\n\t\t\t<div class=\"elementor-spacer-inner\"><\/div>\n\t\t<\/div>\n\t\t\t\t\t\t<\/div>\n\t\t\t\t\t<\/div>\n\t\t<\/div>\n\t\t\t\t<div class=\"elementor-column elementor-col-50 elementor-top-column elementor-element elementor-element-1230bd35\" data-id=\"1230bd35\" data-element_type=\"column\" data-settings=\"{&quot;background_background&quot;:&quot;classic&quot;}\">\n\t\t\t<div class=\"elementor-widget-wrap elementor-element-populated\">\n\t\t\t\t\t\t<div class=\"elementor-element elementor-element-71801695 elementor-widget elementor-widget-heading\" data-id=\"71801695\" data-element_type=\"widget\" data-widget_type=\"heading.default\">\n\t\t\t\t\t<h4 class=\"elementor-heading-title elementor-size-default\">Izbirate lahko med razli\u010dnimi modeli in barvami, ki ustrezajo va\u0161im \u017eeljam<\/h4>\t\t\t\t<\/div>\n\t\t\t\t<div class=\"elementor-element elementor-element-167b38a7 elementor-widget elementor-widget-text-editor\" data-id=\"167b38a7\" data-element_type=\"widget\" data-widget_type=\"text-editor.default\">\n\t\t\t\t\t\t\t\t\tS pestrim naborom barv in oblikovanj boste lahko\nsamozavestno uporabljali slu\u0161ni aparat, ki najbolje ustreza va\u0161emu na\u010dinu \u017eivljenja. Beltone Rely nudi 10 razli\u010dnih modelov v petih barvah, ki se ujemajo z va\u0161imi lasmi in ko\u017eo. Sedaj lahko vsak dan pre\u017eivite z diskretno, udobno in zanesljivo re\u0161itvijo za sluh.\t\t\t\t\t\t\t\t<\/div>\n\t\t\t\t<div class=\"elementor-element elementor-element-2a714994 elementor-widget elementor-widget-image\" data-id=\"2a714994\" data-element_type=\"widget\" data-widget_type=\"image.default\">\n\t\t\t\t\t\t\t\t\t\t\t\t\t\t\t<img decoding=\"async\" src=\"https:\/\/slusniaparati-beltone.si\/wp-content\/uploads\/elementor\/thumbs\/BT_RLY_Full_Line-up-1-r8ugs5rqv2xmp7rfi9nimml4reyo4jn4nndgzocir4.jpg\" title=\"BT_RLY_Full_Line-up.jpg\" alt=\"ReSound Key 77 BTE thin tube Color Line Up Line-up\" loading=\"lazy\" \/>\t\t\t\t\t\t\t\t\t\t\t\t\t\t\t<\/div>\n\t\t\t\t<div class=\"elementor-element elementor-element-ce30d43 elementor-widget elementor-widget-heading\" data-id=\"ce30d43\" data-element_type=\"widget\" data-widget_type=\"heading.default\">\n\t\t\t\t\t<h4 class=\"elementor-heading-title elementor-size-default\">Barve<\/h4>\t\t\t\t<\/div>\n\t\t\t\t<div class=\"elementor-element elementor-element-8a46446 elementor-widget elementor-widget-image\" data-id=\"8a46446\" data-element_type=\"widget\" data-widget_type=\"image.default\">\n\t\t\t\t\t\t\t\t\t\t\t\t\t\t\t<img loading=\"lazy\" decoding=\"async\" width=\"1000\" height=\"299\" src=\"https:\/\/slusniaparati-beltone.si\/wp-content\/uploads\/2024\/01\/BT_RLY_Full_Line-up.jpg\" class=\"attachment-full size-full wp-image-4985\" alt=\"\" \/>\t\t\t\t\t\t\t\t\t\t\t\t\t\t\t<\/div>\n\t\t\t\t<div class=\"elementor-element elementor-element-76d11b9 elementor-widget elementor-widget-image\" data-id=\"76d11b9\" data-element_type=\"widget\" data-widget_type=\"image.default\">\n\t\t\t\t\t\t\t\t\t\t\t\t\t\t\t<img loading=\"lazy\" decoding=\"async\" width=\"975\" height=\"261\" src=\"https:\/\/slusniaparati-beltone.si\/wp-content\/uploads\/2022\/09\/Beltone-slus\u030cni-aparati-Rely-barve.png\" class=\"attachment-full size-full wp-image-2937\" alt=\"\" \/>\t\t\t\t\t\t\t\t\t\t\t\t\t\t\t<\/div>\n\t\t\t\t\t<\/div>\n\t\t<\/div>\n\t\t\t\t\t<\/div>\n\t\t<\/section>\n\t\t\t\t<\/div>\n\t\t","protected":false},"excerpt":{"rendered":"<p>Beltone RELY slu\u0161ni aparati Zaupajte v svoj sluh Osredoto\u010dite se na najpomembnej\u0161e zvoke Okvara sluha vas ne sme ovirati, da ne bi \u017eiveli polnega \u017eivljenja. Slu\u0161ni aparat Beltone Rely je zato zasnovan tako, da zagotavlja re\u0161itev za sluh z odli\u010dno kakovostjo zvoka, dolgotrajno zmogljivostjo ponovnega polnjenja in udobno obliko, ki se prilega vsakemu u\u0161esu. Brezhiben [&hellip;]<\/p>\n","protected":false},"author":3,"featured_media":0,"parent":0,"menu_order":0,"comment_status":"closed","ping_status":"closed","template":"","meta":{"footnotes":""},"class_list":["post-3735","page","type-page","status-publish","hentry"],"_links":{"self":[{"href":"https:\/\/slusniaparati-beltone.si\/it\/wp-json\/wp\/v2\/pages\/3735","targetHints":{"allow":["GET"]}}],"collection":[{"href":"https:\/\/slusniaparati-beltone.si\/it\/wp-json\/wp\/v2\/pages"}],"about":[{"href":"https:\/\/slusniaparati-beltone.si\/it\/wp-json\/wp\/v2\/types\/page"}],"author":[{"embeddable":true,"href":"https:\/\/slusniaparati-beltone.si\/it\/wp-json\/wp\/v2\/users\/3"}],"replies":[{"embeddable":true,"href":"https:\/\/slusniaparati-beltone.si\/it\/wp-json\/wp\/v2\/comments?post=3735"}],"version-history":[{"count":162,"href":"https:\/\/slusniaparati-beltone.si\/it\/wp-json\/wp\/v2\/pages\/3735\/revisions"}],"predecessor-version":[{"id":6774,"href":"https:\/\/slusniaparati-beltone.si\/it\/wp-json\/wp\/v2\/pages\/3735\/revisions\/6774"}],"wp:attachment":[{"href":"https:\/\/slusniaparati-beltone.si\/it\/wp-json\/wp\/v2\/media?parent=3735"}],"curies":[{"name":"wp","href":"https:\/\/api.w.org\/{rel}","templated":true}]}}