{"id":2810,"date":"2021-09-20T09:55:25","date_gmt":"2021-09-20T09:55:25","guid":{"rendered":"https:\/\/staging.slusniaparati-beltone.si\/?page_id=2810"},"modified":"2021-09-20T10:12:53","modified_gmt":"2021-09-20T10:12:53","slug":"informazioni-sullazienda","status":"publish","type":"page","link":"https:\/\/slusniaparati-beltone.si\/it\/informazioni-sullazienda\/","title":{"rendered":"Informazioni sull&#8217;azienda"},"content":{"rendered":"\t\t<div data-elementor-type=\"wp-page\" data-elementor-id=\"2810\" class=\"elementor elementor-2810 elementor-2536\" data-elementor-post-type=\"page\">\n\t\t\t\t\t\t<section class=\"elementor-section elementor-top-section elementor-element elementor-element-49f7579 elementor-section-boxed elementor-section-height-default elementor-section-height-default\" data-id=\"49f7579\" data-element_type=\"section\">\n\t\t\t\t\t\t<div class=\"elementor-container elementor-column-gap-default\">\n\t\t\t\t\t<div class=\"elementor-column elementor-col-50 elementor-top-column elementor-element elementor-element-23db6df\" data-id=\"23db6df\" data-element_type=\"column\">\n\t\t\t<div class=\"elementor-widget-wrap elementor-element-populated\">\n\t\t\t\t\t\t<div class=\"elementor-element elementor-element-8831289 elementor-widget elementor-widget-heading\" data-id=\"8831289\" data-element_type=\"widget\" data-widget_type=\"heading.default\">\n\t\t\t\t\t<h1 class=\"elementor-heading-title elementor-size-default\">PODATKI PODJETJA<\/h1>\t\t\t\t<\/div>\n\t\t\t\t\t<\/div>\n\t\t<\/div>\n\t\t\t\t<div class=\"elementor-column elementor-col-50 elementor-top-column elementor-element elementor-element-9dfd26a\" data-id=\"9dfd26a\" data-element_type=\"column\">\n\t\t\t<div class=\"elementor-widget-wrap elementor-element-populated\">\n\t\t\t\t\t\t<div class=\"elementor-element elementor-element-7ff88a8 elementor-widget elementor-widget-image\" data-id=\"7ff88a8\" data-element_type=\"widget\" data-widget_type=\"image.default\">\n\t\t\t\t\t\t\t\t\t\t\t\t\t\t\t<img decoding=\"async\" width=\"114\" height=\"30\" src=\"https:\/\/slusniaparati-beltone.si\/wp-content\/uploads\/2020\/11\/logo-bonus-beltone-e1605200452197.png\" class=\"attachment-large size-large wp-image-846\" alt=\"\" \/>\t\t\t\t\t\t\t\t\t\t\t\t\t\t\t<\/div>\n\t\t\t\t\t<\/div>\n\t\t<\/div>\n\t\t\t\t\t<\/div>\n\t\t<\/section>\n\t\t\t\t<section class=\"elementor-section elementor-top-section elementor-element elementor-element-3af3f8d elementor-section-content-middle elementor-section-boxed elementor-section-height-default elementor-section-height-default\" data-id=\"3af3f8d\" data-element_type=\"section\">\n\t\t\t\t\t\t<div class=\"elementor-container elementor-column-gap-default\">\n\t\t\t\t\t<div class=\"elementor-column elementor-col-50 elementor-top-column elementor-element elementor-element-c11e85c\" data-id=\"c11e85c\" data-element_type=\"column\">\n\t\t\t<div class=\"elementor-widget-wrap elementor-element-populated\">\n\t\t\t\t\t\t<div class=\"elementor-element elementor-element-264b7de elementor-widget elementor-widget-text-editor\" data-id=\"264b7de\" data-element_type=\"widget\" data-widget_type=\"text-editor.default\">\n\t\t\t\t\t\t\t\t\t<p>NATISNI \/ SHRANI STRAN<\/p>\n\t\t\t\t\t\t\t\t<\/div>\n\t\t\t\t\t<\/div>\n\t\t<\/div>\n\t\t\t\t<div class=\"elementor-column elementor-col-50 elementor-top-column elementor-element elementor-element-6b4c81a\" data-id=\"6b4c81a\" data-element_type=\"column\">\n\t\t\t<div class=\"elementor-widget-wrap\">\n\t\t\t\t\t\t\t<\/div>\n\t\t<\/div>\n\t\t\t\t\t<\/div>\n\t\t<\/section>\n\t\t\t\t<section class=\"elementor-section elementor-top-section elementor-element elementor-element-643ce43 elementor-section-boxed elementor-section-height-default elementor-section-height-default\" data-id=\"643ce43\" data-element_type=\"section\">\n\t\t\t\t\t\t<div class=\"elementor-container elementor-column-gap-default\">\n\t\t\t\t\t<div class=\"elementor-column elementor-col-100 elementor-top-column elementor-element elementor-element-6e8878a\" data-id=\"6e8878a\" data-element_type=\"column\">\n\t\t\t<div class=\"elementor-widget-wrap elementor-element-populated\">\n\t\t\t\t\t\t<section class=\"elementor-section elementor-inner-section elementor-element elementor-element-4d4a171 elementor-section-boxed elementor-section-height-default elementor-section-height-default\" data-id=\"4d4a171\" data-element_type=\"section\">\n\t\t\t\t\t\t<div class=\"elementor-container elementor-column-gap-default\">\n\t\t\t\t\t<div class=\"elementor-column elementor-col-50 elementor-inner-column elementor-element elementor-element-6969c71\" data-id=\"6969c71\" data-element_type=\"column\">\n\t\t\t<div class=\"elementor-widget-wrap elementor-element-populated\">\n\t\t\t\t\t\t<div class=\"elementor-element elementor-element-ae05880 elementor-widget elementor-widget-heading\" data-id=\"ae05880\" data-element_type=\"widget\" data-widget_type=\"heading.default\">\n\t\t\t\t\t<h2 class=\"elementor-heading-title elementor-size-default\">Sede\u017e podjetja<\/h2>\t\t\t\t<\/div>\n\t\t\t\t<div class=\"elementor-element elementor-element-9178720 elementor-widget-divider--view-line elementor-widget elementor-widget-divider\" data-id=\"9178720\" data-element_type=\"widget\" data-widget_type=\"divider.default\">\n\t\t\t\t\t\t\t<div class=\"elementor-divider\">\n\t\t\t<span class=\"elementor-divider-separator\">\n\t\t\t\t\t\t<\/span>\n\t\t<\/div>\n\t\t\t\t\t\t<\/div>\n\t\t\t\t<div class=\"elementor-element elementor-element-be4af02 elementor-widget elementor-widget-text-editor\" data-id=\"be4af02\" data-element_type=\"widget\" data-widget_type=\"text-editor.default\">\n\t\t\t\t\t\t\t\t\t<p>Bonus d.o.o.<\/p>\n<p>Tr\u017ea\u0161ka cesta 2<\/p>\n<p>1000 Ljubljana<\/p>\n<p>Slovenija<\/p>\n<p>\u00a0<\/p>\n<p><strong>IBAN: SI56 6100 0001 5167 461<\/strong><\/p>\n<p><strong>Dav\u010dna \u0161t.: SI <span id=\"ctl00_ctl00_cphMain_cphMainCol_CompanySPLPreview1_labTaxId\">96164646<\/span><\/strong><\/p>\n<p><strong>Mati\u010dna \u0161t.: <span id=\"ctl00_ctl00_cphMain_cphMainCol_CompanySPLPreview1_labRegistrationNumber\">5602025000<\/span><\/strong><\/p>\n<p><strong>Osnovni kapital: <span class=\"tojvnm2t a6sixzi8 abs2jz4q a8s20v7p t1p8iaqh k5wvi7nf q3lfd5jv pk4s997a bipmatt0 cebpdrjk qowsmv63 owwhemhu dp1hu0rb dhp61c6y iyyx5f41\">8.763,00 \u20ac<\/span><\/strong><\/p>\n<p><strong>SKD: <span id=\"ctl00_ctl00_cphMain_cphMainCol_CompanySPLPreview1_labMainActivity\">G47.740 &#8211; Trgovina na drobno v specializiranih prodajalnah z medicinskimi in ortopedskimi pripomo\u010dki<\/span><\/strong><\/p>\n\t\t\t\t\t\t\t\t<\/div>\n\t\t\t\t\t<\/div>\n\t\t<\/div>\n\t\t\t\t<div class=\"elementor-column elementor-col-50 elementor-inner-column elementor-element elementor-element-2dd4675\" data-id=\"2dd4675\" data-element_type=\"column\">\n\t\t\t<div class=\"elementor-widget-wrap elementor-element-populated\">\n\t\t\t\t\t\t<div class=\"elementor-element elementor-element-6d03f5a elementor-widget elementor-widget-heading\" data-id=\"6d03f5a\" data-element_type=\"widget\" data-widget_type=\"heading.default\">\n\t\t\t\t\t<h2 class=\"elementor-heading-title elementor-size-default\">Poslovna enota Nova Gorica<\/h2>\t\t\t\t<\/div>\n\t\t\t\t<div class=\"elementor-element elementor-element-f67876b elementor-widget-divider--view-line elementor-widget elementor-widget-divider\" data-id=\"f67876b\" data-element_type=\"widget\" data-widget_type=\"divider.default\">\n\t\t\t\t\t\t\t<div class=\"elementor-divider\">\n\t\t\t<span class=\"elementor-divider-separator\">\n\t\t\t\t\t\t<\/span>\n\t\t<\/div>\n\t\t\t\t\t\t<\/div>\n\t\t\t\t<div class=\"elementor-element elementor-element-ac1b382 elementor-widget elementor-widget-text-editor\" data-id=\"ac1b382\" data-element_type=\"widget\" data-widget_type=\"text-editor.default\">\n\t\t\t\t\t\t\t\t\t<p>Bonus d.o.o.<\/p>\n<p>Erjav\u010deva ulica 30<\/p>\n<p>5000 Nova Gorica<\/p>\n<p>Slovenia<\/p>\n<p>\u00a0<\/p>\n<h4>Telefono: <strong>+386 5 393 6775<\/strong><\/h4>\n<h4>Email naslov: <strong>bonus.doo@siol.net<\/strong><\/h4>\n\t\t\t\t\t\t\t\t<\/div>\n\t\t\t\t\t<\/div>\n\t\t<\/div>\n\t\t\t\t\t<\/div>\n\t\t<\/section>\n\t\t\t\t\t<\/div>\n\t\t<\/div>\n\t\t\t\t\t<\/div>\n\t\t<\/section>\n\t\t\t\t<section class=\"elementor-section elementor-top-section elementor-element elementor-element-91dac26 elementor-section-boxed elementor-section-height-default elementor-section-height-default\" data-id=\"91dac26\" data-element_type=\"section\">\n\t\t\t\t\t\t<div class=\"elementor-container elementor-column-gap-default\">\n\t\t\t\t\t<div class=\"elementor-column elementor-col-100 elementor-top-column elementor-element elementor-element-8c5ee1b\" data-id=\"8c5ee1b\" data-element_type=\"column\">\n\t\t\t<div class=\"elementor-widget-wrap elementor-element-populated\">\n\t\t\t\t\t\t<div class=\"elementor-element elementor-element-af713ee elementor-widget-divider--view-line elementor-widget elementor-widget-divider\" data-id=\"af713ee\" data-element_type=\"widget\" data-widget_type=\"divider.default\">\n\t\t\t\t\t\t\t<div class=\"elementor-divider\">\n\t\t\t<span class=\"elementor-divider-separator\">\n\t\t\t\t\t\t<\/span>\n\t\t<\/div>\n\t\t\t\t\t\t<\/div>\n\t\t\t\t<div class=\"elementor-element elementor-element-651ea91 elementor-widget elementor-widget-text-editor\" data-id=\"651ea91\" data-element_type=\"widget\" data-widget_type=\"text-editor.default\">\n\t\t\t\t\t\t\t\t\t<h5><strong>Podjetje je registrirano pod \u0161tevilko vlo\u017eka Srg <span class=\"tojvnm2t a6sixzi8 abs2jz4q a8s20v7p t1p8iaqh k5wvi7nf q3lfd5jv pk4s997a bipmatt0 cebpdrjk qowsmv63 owwhemhu dp1hu0rb dhp61c6y iyyx5f41\">94\/01568 dne 18\/12\/96<\/span>, ki ga je izdalo Okro\u017eno sodi\u0161\u010de v Novi Gorici<br \/><\/strong><\/h5>\n\t\t\t\t\t\t\t\t<\/div>\n\t\t\t\t\t<\/div>\n\t\t<\/div>\n\t\t\t\t\t<\/div>\n\t\t<\/section>\n\t\t\t\t<\/div>\n\t\t","protected":false},"excerpt":{"rendered":"<p>PODATKI PODJETJA NATISNI \/ SHRANI STRAN Sede\u017e podjetja Bonus d.o.o. Tr\u017ea\u0161ka cesta 2 1000 Ljubljana Slovenija \u00a0 IBAN: SI56 6100 0001 5167 461 Dav\u010dna \u0161t.: SI 96164646 Mati\u010dna \u0161t.: 5602025000 Osnovni kapital: 8.763,00 \u20ac SKD: G47.740 &#8211; Trgovina na drobno v specializiranih prodajalnah z medicinskimi in ortopedskimi pripomo\u010dki Poslovna enota Nova Gorica Bonus d.o.o. Erjav\u010deva [&hellip;]<\/p>\n","protected":false},"author":2,"featured_media":0,"parent":0,"menu_order":0,"comment_status":"closed","ping_status":"closed","template":"","meta":{"footnotes":""},"class_list":["post-2810","page","type-page","status-publish","hentry"],"_links":{"self":[{"href":"https:\/\/slusniaparati-beltone.si\/it\/wp-json\/wp\/v2\/pages\/2810","targetHints":{"allow":["GET"]}}],"collection":[{"href":"https:\/\/slusniaparati-beltone.si\/it\/wp-json\/wp\/v2\/pages"}],"about":[{"href":"https:\/\/slusniaparati-beltone.si\/it\/wp-json\/wp\/v2\/types\/page"}],"author":[{"embeddable":true,"href":"https:\/\/slusniaparati-beltone.si\/it\/wp-json\/wp\/v2\/users\/2"}],"replies":[{"embeddable":true,"href":"https:\/\/slusniaparati-beltone.si\/it\/wp-json\/wp\/v2\/comments?post=2810"}],"version-history":[{"count":3,"href":"https:\/\/slusniaparati-beltone.si\/it\/wp-json\/wp\/v2\/pages\/2810\/revisions"}],"predecessor-version":[{"id":2816,"href":"https:\/\/slusniaparati-beltone.si\/it\/wp-json\/wp\/v2\/pages\/2810\/revisions\/2816"}],"wp:attachment":[{"href":"https:\/\/slusniaparati-beltone.si\/it\/wp-json\/wp\/v2\/media?parent=2810"}],"curies":[{"name":"wp","href":"https:\/\/api.w.org\/{rel}","templated":true}]}}