{"id":2799,"date":"2021-09-20T09:51:06","date_gmt":"2021-09-20T09:51:06","guid":{"rendered":"https:\/\/staging.slusniaparati-beltone.si\/?page_id=2799"},"modified":"2021-09-20T09:51:06","modified_gmt":"2021-09-20T09:51:06","slug":"accesso-ai-dati-personali","status":"publish","type":"page","link":"https:\/\/slusniaparati-beltone.si\/it\/accesso-ai-dati-personali\/","title":{"rendered":"Accesso ai dati personali"},"content":{"rendered":"\t\t<div data-elementor-type=\"wp-page\" data-elementor-id=\"2799\" class=\"elementor elementor-2799 elementor-594\" data-elementor-post-type=\"page\">\n\t\t\t\t\t\t<section class=\"elementor-section elementor-top-section elementor-element elementor-element-abb9dc6 elementor-section-boxed elementor-section-height-default elementor-section-height-default\" data-id=\"abb9dc6\" data-element_type=\"section\">\n\t\t\t\t\t\t<div class=\"elementor-container elementor-column-gap-default\">\n\t\t\t\t\t<div class=\"elementor-column elementor-col-100 elementor-top-column elementor-element elementor-element-59604ed\" data-id=\"59604ed\" data-element_type=\"column\">\n\t\t\t<div class=\"elementor-widget-wrap elementor-element-populated\">\n\t\t\t\t\t\t<div class=\"elementor-element elementor-element-e393778 elementor-widget elementor-widget-heading\" data-id=\"e393778\" data-element_type=\"widget\" data-widget_type=\"heading.default\">\n\t\t\t\t\t<h1 class=\"elementor-heading-title elementor-size-default\">DOSTOP DO OSEBNIH PODATKOV UPORABNIKA<\/h1>\t\t\t\t<\/div>\n\t\t\t\t\t<\/div>\n\t\t<\/div>\n\t\t\t\t\t<\/div>\n\t\t<\/section>\n\t\t\t\t<section class=\"elementor-section elementor-top-section elementor-element elementor-element-5319a8d elementor-section-boxed elementor-section-height-default elementor-section-height-default\" data-id=\"5319a8d\" data-element_type=\"section\">\n\t\t\t\t\t\t<div class=\"elementor-container elementor-column-gap-default\">\n\t\t\t\t\t<div class=\"elementor-column elementor-col-100 elementor-top-column elementor-element elementor-element-a1dd72c\" data-id=\"a1dd72c\" data-element_type=\"column\">\n\t\t\t<div class=\"elementor-widget-wrap elementor-element-populated\">\n\t\t\t\t\t\t<div class=\"elementor-element elementor-element-55bfe88 elementor-widget elementor-widget-text-editor\" data-id=\"55bfe88\" data-element_type=\"widget\" data-widget_type=\"text-editor.default\">\n\t\t\t\t\t\t\t\t\t<h3><strong>Vnesite svoj E po\u0161tni naslov v prilo\u017eeni obrazec, vkolikor hranimo podatke povezljive z va\u0161im E po\u0161tnim naslovom se bodo slednji izpisali v samo vam namenjeni (za\u0161\u010diteni) povezavi.<br \/><\/strong><\/h3>\t\t\t\t\t\t\t\t<\/div>\n\t\t\t\t\t<\/div>\n\t\t<\/div>\n\t\t\t\t\t<\/div>\n\t\t<\/section>\n\t\t\t\t<section class=\"elementor-section elementor-top-section elementor-element elementor-element-3523b0e2 elementor-section-boxed elementor-section-height-default elementor-section-height-default\" data-id=\"3523b0e2\" data-element_type=\"section\">\n\t\t\t\t\t\t<div class=\"elementor-container elementor-column-gap-default\">\n\t\t\t\t\t<div class=\"elementor-column elementor-col-100 elementor-top-column elementor-element elementor-element-4aa005f8\" data-id=\"4aa005f8\" data-element_type=\"column\" data-settings=\"{&quot;background_background&quot;:&quot;classic&quot;}\">\n\t\t\t<div class=\"elementor-widget-wrap elementor-element-populated\">\n\t\t\t\t\t\t<div class=\"elementor-element elementor-element-5e4c1b40 elementor-widget elementor-widget-shortcode\" data-id=\"5e4c1b40\" data-element_type=\"widget\" data-widget_type=\"shortcode.default\">\n\t\t\t\t\t\t\t<div class=\"elementor-shortcode\">[wpgdprc_access_request_form]<\/div>\n\t\t\t\t\t\t<\/div>\n\t\t\t\t\t<\/div>\n\t\t<\/div>\n\t\t\t\t\t<\/div>\n\t\t<\/section>\n\t\t\t\t<\/div>\n\t\t","protected":false},"excerpt":{"rendered":"<p>ACCESSO AI DATI PERSONALI Inserisci il tuo indirizzo e-mail nel modulo allegato, fintanto se conserveremo i dati relativi al tuo indirizzo e-mail, quest&#8217;ultimo verr\u00e0 visualizzato nel link (protetto) destinato solo a te. [wpgdprc_access_request_form]<\/p>\n","protected":false},"author":2,"featured_media":0,"parent":0,"menu_order":0,"comment_status":"closed","ping_status":"closed","template":"","meta":{"footnotes":""},"class_list":["post-2799","page","type-page","status-publish","hentry"],"_links":{"self":[{"href":"https:\/\/slusniaparati-beltone.si\/it\/wp-json\/wp\/v2\/pages\/2799","targetHints":{"allow":["GET"]}}],"collection":[{"href":"https:\/\/slusniaparati-beltone.si\/it\/wp-json\/wp\/v2\/pages"}],"about":[{"href":"https:\/\/slusniaparati-beltone.si\/it\/wp-json\/wp\/v2\/types\/page"}],"author":[{"embeddable":true,"href":"https:\/\/slusniaparati-beltone.si\/it\/wp-json\/wp\/v2\/users\/2"}],"replies":[{"embeddable":true,"href":"https:\/\/slusniaparati-beltone.si\/it\/wp-json\/wp\/v2\/comments?post=2799"}],"version-history":[{"count":2,"href":"https:\/\/slusniaparati-beltone.si\/it\/wp-json\/wp\/v2\/pages\/2799\/revisions"}],"predecessor-version":[{"id":2804,"href":"https:\/\/slusniaparati-beltone.si\/it\/wp-json\/wp\/v2\/pages\/2799\/revisions\/2804"}],"wp:attachment":[{"href":"https:\/\/slusniaparati-beltone.si\/it\/wp-json\/wp\/v2\/media?parent=2799"}],"curies":[{"name":"wp","href":"https:\/\/api.w.org\/{rel}","templated":true}]}}