{"id":2759,"date":"2018-10-11T14:49:22","date_gmt":"2018-10-11T14:49:22","guid":{"rendered":"https:\/\/staging.slusniaparati-beltone.si\/?page_id=2759"},"modified":"2024-01-16T03:27:12","modified_gmt":"2024-01-16T03:27:12","slug":"beltone-2","status":"publish","type":"page","link":"https:\/\/slusniaparati-beltone.si\/it\/beltone-2\/","title":{"rendered":"Beltone"},"content":{"rendered":"\t\t<div data-elementor-type=\"wp-page\" data-elementor-id=\"2759\" class=\"elementor elementor-2759 elementor-106\" data-elementor-post-type=\"page\">\n\t\t\t\t\t\t<section class=\"elementor-section elementor-top-section elementor-element elementor-element-12491a91 elementor-section-boxed elementor-section-height-default elementor-section-height-default\" data-id=\"12491a91\" data-element_type=\"section\">\n\t\t\t\t\t\t<div class=\"elementor-container elementor-column-gap-default\">\n\t\t\t\t\t<div class=\"elementor-column elementor-col-100 elementor-top-column elementor-element elementor-element-307e62d0\" data-id=\"307e62d0\" data-element_type=\"column\">\n\t\t\t<div class=\"elementor-widget-wrap elementor-element-populated\">\n\t\t\t\t\t\t<div class=\"elementor-element elementor-element-61628f5d elementor-widget elementor-widget-text-editor\" data-id=\"61628f5d\" data-element_type=\"widget\" data-widget_type=\"text-editor.default\">\n\t\t\t\t\t\t\t\t\t<h4><strong>Aiutiamo le persone a sentire meglio<\/strong><\/h4><p>Dal 1940 Beltone crea apparecchi acustici di altissima qualit\u00e0, accessibili a una popolazione sempre pi\u00f9 ampia. Ci riusciamo sviluppando soluzioni tecnicamente ottimali per un udito migliore, con le esigenze degli utenti in prima linea. Ci auguriamo che continueremo ad affidarvi la cura del vostro servizio con i nostri prodotti di altissima qualit\u00e0 basati sulle conoscenze che abbiamo acquisito negli anni con l&#8217;aiuto dei nostri clienti. Ultimo ma non meno importante, al momento di decidere se conosco o meno un apparecchio acustico, un&#8217;esperienza dannosa!<\/p><h4><strong>Ognuno di noi ha il diritto di sentire bene<\/strong><\/h4><p>In Belton, crediamo profondamente che nessuno debba essere privato di una vita migliore con un udito migliore. Per raggiungere questo obiettivo, Beltone basa tutte le sue attivit\u00e0 su alcuni principi fondamentali:<br \/>In Belton, la base \u00e8 prendersi cura delle persone<br \/>L&#8217;individuo ha un ruolo centrale in tutto ci\u00f2 che fa Beltone<br \/>Beltone comunica chiaramente i vantaggi e i benefici delle sue soluzioni<br \/>Un audioprotesista altamente qualificato, un acustico acustico, \u00e8 il collegamento chiave tra Belton e una persona con problemi di udito<br \/>In Belton, crediamo che tutti abbiano il diritto di ascoltare bene.<\/p><h4><strong>Storia del marchio Beltone<\/strong><\/h4><p>Beltone si basava sull&#8217;idea di aiutare un amico a godersi di pi\u00f9 la vita. La storia di Belton inizia cos\u00ec quando il suo fondatore Sam Posen realizza il primo apparecchio acustico per il suo amico. Era negli anni &#8217;30, ma siamo ancora completamente occupati ad aggiungere capitoli sempre nuovi a questa storia. Oggi Beltone rimane il marchio pi\u00f9 affidabile per prodotti e servizi di qualit\u00e0 rivolti a pazienti dai 50 anni in poi. Visita la sezione della cronologia per vedere la cronologia completa dei momenti salienti di Belton.<\/p><p>1930- Lo stesso Posen realizza il primo apparecchio acustico per migliorare la vita del suo amico.<\/p><p>1940- Viene fondata Beltone a Chicago, Illinois, USA. Viene presentato il primo apparecchio acustico &#8220;Model H&#8221;<\/p><p>1942- Inizia a operare un modello di business basato su una rete di distribuzione esclusiva.<\/p><p>1945- Harmony, l&#8217;apparecchio acustico pi\u00f9 piccolo al mondo, sta arrivando sul mercato.<\/p><p>1958- Viene introdotto Minuet, il primo apparecchio acustico in-ear.<\/p><p>1961- Il primo apparecchio acustico in-ear arriva sul mercato. Beltone \u00e8 gi\u00e0 rappresentata in 38 paesi in tutto il mondo.<\/p><p>1990- Introduzione di apparecchi acustici digitali. Beltone diventa leader nel campo degli apparecchi acustici pi\u00f9 piccoli &#8211; interamente nel canale uditivo.<\/p><p>1997- Beltone \u00e8 stata venduta a J.W. bambini.<\/p><p>1999- Beltone effettua l&#8217;acquisizione di Philips Hearing Technologies.<\/p><p>2000- Beltone \u00e8 stata venduta a GN Store Nord e continua a operare come marchio autonomo all&#8217;interno del sistema aziendale GN.<\/p><p>2004- \u00c8 stato lanciato EDGE, leader del settore nella direzione degli apparecchi acustici di tipo aperto.<\/p><p>2007- Beltone lancia Beltone Marq, il pi\u00f9 piccolo apparecchio acustico con ricevitore in-ear.<\/p><p>2009- Beltone Touch introduce la tecnologia MIC (Microphone-in-Concha), che stabilisce nuovi standard per un&#8217;amplificazione del suono pi\u00f9 naturale e una riduzione del rumore del vento, con una dimensione minima del dispositivo.<\/p><p>2010- Beltone presenta Beltone True, che ha il ricevitore pi\u00f9 piccolo nell&#8217;orecchio e l&#8217;innovativa tecnologia wireless a 2,4 GHz per una gamma completa di apparecchi acustici wireless.<\/p><p>2013- Beltone si espande nella connettivit\u00e0 wireless e introduce Beltone First, un rivoluzionario apparecchio acustico progettato per connettere e controllare il tuo iPhone\u00ae<\/p><p>2014- Beltone lancia Beltone Boost, il primo apparecchio acustico super potente realizzato per iPhone\u00ae. Beltone First riceve il prestigioso Red Dot Award.<\/p><p>2015- Beltone celebra il suo 75\u00b0 anniversario e presenta Beltone Legend, la serie di apparecchi acustici pi\u00f9 ampia e personalizzata sul mercato.<\/p><p>Beltone offre l&#8217;app HearPlus, la prima app per apparecchi acustici che aiuta con l&#8217;Apple Watch.<\/p><p>Beltone presenta il nuovo apparecchio acustico Beltone Ally, il primo nel sistema di apparecchi acustici di base a conduzione familiare a utilizzare la tecnologia wireless all&#8217;avanguardia a 2,4 GHz e metodi avanzati di elaborazione del suono.<\/p><p>2017- Beltone lancia l&#8217;apparecchio acustico Beltone Trust, che offre una capacit\u00e0 unica di ascoltare il parlato in ambienti rumorosi e allo stesso tempo la maggior parte delle opzioni per la connessione ad altri dispositivi.<br \/>Inoltre, Beltone apre nuove possibilit\u00e0 per la messa a punto degli elettrodomestici da remoto. Indipendentemente da dove si trovi l&#8217;utente, \u00e8 possibile contattare un esperto di acustica che pu\u00f2 modificare le impostazioni del dispositivo tramite cloud, senza bisogno di una visita personale.<\/p><p>\u00a0<\/p><p>\u00a0<\/p>\t\t\t\t\t\t\t\t<\/div>\n\t\t\t\t\t<\/div>\n\t\t<\/div>\n\t\t\t\t\t<\/div>\n\t\t<\/section>\n\t\t\t\t<\/div>\n\t\t","protected":false},"excerpt":{"rendered":"<p>Aiutiamo le persone a sentire meglio Dal 1940 Beltone crea apparecchi acustici di altissima qualit\u00e0, accessibili a una popolazione sempre pi\u00f9 ampia. Ci riusciamo sviluppando soluzioni tecnicamente ottimali per un udito migliore, con le esigenze degli utenti in prima linea. Ci auguriamo che continueremo ad affidarvi la cura del vostro servizio con i nostri prodotti [&hellip;]<\/p>\n","protected":false},"author":1,"featured_media":5042,"parent":0,"menu_order":0,"comment_status":"closed","ping_status":"closed","template":"","meta":{"footnotes":""},"class_list":["post-2759","page","type-page","status-publish","has-post-thumbnail","hentry"],"_links":{"self":[{"href":"https:\/\/slusniaparati-beltone.si\/it\/wp-json\/wp\/v2\/pages\/2759","targetHints":{"allow":["GET"]}}],"collection":[{"href":"https:\/\/slusniaparati-beltone.si\/it\/wp-json\/wp\/v2\/pages"}],"about":[{"href":"https:\/\/slusniaparati-beltone.si\/it\/wp-json\/wp\/v2\/types\/page"}],"author":[{"embeddable":true,"href":"https:\/\/slusniaparati-beltone.si\/it\/wp-json\/wp\/v2\/users\/1"}],"replies":[{"embeddable":true,"href":"https:\/\/slusniaparati-beltone.si\/it\/wp-json\/wp\/v2\/comments?post=2759"}],"version-history":[{"count":7,"href":"https:\/\/slusniaparati-beltone.si\/it\/wp-json\/wp\/v2\/pages\/2759\/revisions"}],"predecessor-version":[{"id":5045,"href":"https:\/\/slusniaparati-beltone.si\/it\/wp-json\/wp\/v2\/pages\/2759\/revisions\/5045"}],"wp:featuredmedia":[{"embeddable":true,"href":"https:\/\/slusniaparati-beltone.si\/it\/wp-json\/wp\/v2\/media\/5042"}],"wp:attachment":[{"href":"https:\/\/slusniaparati-beltone.si\/it\/wp-json\/wp\/v2\/media?parent=2759"}],"curies":[{"name":"wp","href":"https:\/\/api.w.org\/{rel}","templated":true}]}}