{"id":2721,"date":"2021-09-17T08:52:30","date_gmt":"2021-09-17T08:52:30","guid":{"rendered":"https:\/\/staging.slusniaparati-beltone.si\/?page_id=2721"},"modified":"2024-01-18T20:52:35","modified_gmt":"2024-01-18T20:52:35","slug":"ipoacusia","status":"publish","type":"page","link":"https:\/\/slusniaparati-beltone.si\/it\/ipoacusia\/","title":{"rendered":"Ipoacusia"},"content":{"rendered":"\t\t<div data-elementor-type=\"wp-post\" data-elementor-id=\"2721\" class=\"elementor elementor-2721 elementor-209\" data-elementor-post-type=\"page\">\n\t\t\t\t\t\t<section class=\"elementor-section elementor-top-section elementor-element elementor-element-258ff7c elementor-section-content-middle elementor-section-boxed elementor-section-height-default elementor-section-height-default\" data-id=\"258ff7c\" data-element_type=\"section\" data-settings=\"{&quot;background_background&quot;:&quot;classic&quot;}\">\n\t\t\t\t\t\t<div class=\"elementor-container elementor-column-gap-default\">\n\t\t\t\t\t<div class=\"elementor-column elementor-col-100 elementor-top-column elementor-element elementor-element-0706076\" data-id=\"0706076\" data-element_type=\"column\">\n\t\t\t<div class=\"elementor-widget-wrap elementor-element-populated\">\n\t\t\t\t\t\t<section class=\"elementor-section elementor-inner-section elementor-element elementor-element-88d57dd elementor-section-boxed elementor-section-height-default elementor-section-height-default\" data-id=\"88d57dd\" data-element_type=\"section\">\n\t\t\t\t\t\t<div class=\"elementor-container elementor-column-gap-default\">\n\t\t\t\t\t<div class=\"elementor-column elementor-col-50 elementor-inner-column elementor-element elementor-element-dfb9794\" data-id=\"dfb9794\" data-element_type=\"column\">\n\t\t\t<div class=\"elementor-widget-wrap elementor-element-populated\">\n\t\t\t\t\t\t<div class=\"elementor-element elementor-element-e765358 elementor-widget elementor-widget-heading\" data-id=\"e765358\" data-element_type=\"widget\" data-widget_type=\"heading.default\">\n\t\t\t\t\t<h1 class=\"elementor-heading-title elementor-size-default\">Ipocausia<\/h1>\t\t\t\t<\/div>\n\t\t\t\t<div class=\"elementor-element elementor-element-03b8ceb elementor-widget elementor-widget-text-editor\" data-id=\"03b8ceb\" data-element_type=\"widget\" data-widget_type=\"text-editor.default\">\n\t\t\t\t\t\t\t\t\t<div class=\"elementor-element elementor-element-03b8ceb elementor-widget elementor-widget-text-editor\" data-id=\"03b8ceb\" data-element_type=\"widget\" data-widget_type=\"text-editor.default\"><div class=\"elementor-widget-container\"><div class=\"elementor-text-editor elementor-clearfix\"><p>Sapevi che una persona su quattro ha problemi di ipoacusia? Con l\u2019avanzare dell\u2019et\u00e0, la perdita dell\u2019udito risulta fisiologica, variando da persona a persona. Alla Beltone crediamo per\u00f2 fermamente che le persone possono essere aiutate a udire meglio. Per questo motivo ci siamo posti l\u2019obiettivo di aiutarti a monitorare e a conservare il tuo udito. Quando invece i tempi diventano maturi, ti guideremo nella scelta dell\u2019apparecchio acustico idoneo, nel pieno rispetto del tuo stile di vita e delle tue specifiche necessit\u00e0.<\/p><\/div><\/div><\/div>\t\t\t\t\t\t\t\t<\/div>\n\t\t\t\t\t<\/div>\n\t\t<\/div>\n\t\t\t\t<div class=\"elementor-column elementor-col-50 elementor-inner-column elementor-element elementor-element-68a5670\" data-id=\"68a5670\" data-element_type=\"column\">\n\t\t\t<div class=\"elementor-widget-wrap elementor-element-populated\">\n\t\t\t\t\t\t<div class=\"elementor-element elementor-element-7e0db28 elementor-widget elementor-widget-image\" data-id=\"7e0db28\" data-element_type=\"widget\" data-widget_type=\"image.default\">\n\t\t\t\t\t\t\t\t\t\t\t\t\t\t\t<img fetchpriority=\"high\" decoding=\"async\" width=\"600\" height=\"324\" src=\"https:\/\/slusniaparati-beltone.si\/wp-content\/uploads\/2018\/10\/beltone-hearing-exam-hearing-loss.jpg\" class=\"attachment-large size-large wp-image-2723\" alt=\"\" \/>\t\t\t\t\t\t\t\t\t\t\t\t\t\t\t<\/div>\n\t\t\t\t\t<\/div>\n\t\t<\/div>\n\t\t\t\t\t<\/div>\n\t\t<\/section>\n\t\t\t\t\t<\/div>\n\t\t<\/div>\n\t\t\t\t\t<\/div>\n\t\t<\/section>\n\t\t\t\t<section class=\"elementor-section elementor-top-section elementor-element elementor-element-65da836 elementor-section-boxed elementor-section-height-default elementor-section-height-default\" data-id=\"65da836\" data-element_type=\"section\">\n\t\t\t\t\t\t<div class=\"elementor-container elementor-column-gap-default\">\n\t\t\t\t\t<div class=\"elementor-column elementor-col-100 elementor-top-column elementor-element elementor-element-43285b0\" data-id=\"43285b0\" data-element_type=\"column\">\n\t\t\t<div class=\"elementor-widget-wrap elementor-element-populated\">\n\t\t\t\t\t\t<div class=\"elementor-element elementor-element-d985d38 elementor-widget elementor-widget-heading\" data-id=\"d985d38\" data-element_type=\"widget\" data-widget_type=\"heading.default\">\n\t\t\t\t\t<h2 class=\"elementor-heading-title elementor-size-default\">\nCause comuni che determinano la perdita dell\u2019udito\n<\/h2>\t\t\t\t<\/div>\n\t\t\t\t\t<\/div>\n\t\t<\/div>\n\t\t\t\t\t<\/div>\n\t\t<\/section>\n\t\t\t\t<section class=\"elementor-section elementor-top-section elementor-element elementor-element-089aee2 elementor-section-boxed elementor-section-height-default elementor-section-height-default\" data-id=\"089aee2\" data-element_type=\"section\">\n\t\t\t\t\t\t<div class=\"elementor-container elementor-column-gap-default\">\n\t\t\t\t\t<div class=\"elementor-column elementor-col-100 elementor-top-column elementor-element elementor-element-3c6c9d0\" data-id=\"3c6c9d0\" data-element_type=\"column\">\n\t\t\t<div class=\"elementor-widget-wrap elementor-element-populated\">\n\t\t\t\t\t\t<section class=\"elementor-section elementor-inner-section elementor-element elementor-element-9dbfbaf elementor-section-boxed elementor-section-height-default elementor-section-height-default\" data-id=\"9dbfbaf\" data-element_type=\"section\">\n\t\t\t\t\t\t<div class=\"elementor-container elementor-column-gap-default\">\n\t\t\t\t\t<div class=\"elementor-column elementor-col-50 elementor-inner-column elementor-element elementor-element-2697957\" data-id=\"2697957\" data-element_type=\"column\">\n\t\t\t<div class=\"elementor-widget-wrap elementor-element-populated\">\n\t\t\t\t\t\t<div class=\"elementor-element elementor-element-200c1db elementor-widget elementor-widget-image\" data-id=\"200c1db\" data-element_type=\"widget\" data-widget_type=\"image.default\">\n\t\t\t\t\t\t\t\t\t\t\t\t\t\t\t<img decoding=\"async\" width=\"600\" height=\"562\" src=\"https:\/\/slusniaparati-beltone.si\/wp-content\/uploads\/2018\/10\/Beltone-types-and-causes-of-hearing-loss-patient-cropped.jpg\" class=\"attachment-large size-large wp-image-2724\" alt=\"\" \/>\t\t\t\t\t\t\t\t\t\t\t\t\t\t\t<\/div>\n\t\t\t\t\t<\/div>\n\t\t<\/div>\n\t\t\t\t<div class=\"elementor-column elementor-col-50 elementor-inner-column elementor-element elementor-element-bc73e23\" data-id=\"bc73e23\" data-element_type=\"column\">\n\t\t\t<div class=\"elementor-widget-wrap elementor-element-populated\">\n\t\t\t\t\t\t<div class=\"elementor-element elementor-element-85fa6b1 elementor-widget elementor-widget-text-editor\" data-id=\"85fa6b1\" data-element_type=\"widget\" data-widget_type=\"text-editor.default\">\n\t\t\t\t\t\t\t\t\t<ul><li><p>La capacit\u00e0 di udire bene dipende da piccole cellule site nell\u2019orecchio interno, chiamate \u201ccellule ciliate\u201d (a causa della loro forma e aspetto). Esistono due tipi di tali cellule: le cellule ciliate interne e le cellule ciliate esterne. Quelle esterne amplificano i suoni morbidi scomponendo al contempo le varie componenti di un suono complesso. Quelle interne trasformano invece il suono in impulsi nervosi che vengono successivamente inviati al cervello, per essere infine percepiti come suono.<\/p><\/li><\/ul>\t\t\t\t\t\t\t\t<\/div>\n\t\t\t\t<div class=\"elementor-element elementor-element-9c4f811 elementor-widget elementor-widget-text-editor\" data-id=\"9c4f811\" data-element_type=\"widget\" data-widget_type=\"text-editor.default\">\n\t\t\t\t\t\t\t\t\t<div class=\"elementor-element elementor-element-9c4f811 elementor-widget elementor-widget-text-editor\" data-id=\"9c4f811\" data-element_type=\"widget\" data-widget_type=\"text-editor.default\"><div class=\"elementor-widget-container\"><div class=\"elementor-text-editor elementor-clearfix\"><ul><li>Le persone che soffrono di ipoacusia lieve o moderata, solitamente presentano danni alle cellule ciliate esterne, motivo per cui hanno difficolt\u00e0 a comprendere i suoni pi\u00f9 dolci, come la voce di una donna o di un bambino. Per loro \u00e8 inoltre difficile decifrare un suono in presenza di rumori di fondo.<\/li><\/ul><\/div><\/div><\/div>\t\t\t\t\t\t\t\t<\/div>\n\t\t\t\t<div class=\"elementor-element elementor-element-bef67a8 elementor-widget elementor-widget-text-editor\" data-id=\"bef67a8\" data-element_type=\"widget\" data-widget_type=\"text-editor.default\">\n\t\t\t\t\t\t\t\t\t<div class=\"elementor-element elementor-element-bef67a8 elementor-widget elementor-widget-text-editor\" data-id=\"bef67a8\" data-element_type=\"widget\" data-widget_type=\"text-editor.default\"><div class=\"elementor-widget-container\"><div class=\"elementor-text-editor elementor-clearfix\"><ul><li>L\u2019ipoacusia grave \u00e8 un disturbo pi\u00f9 complesso da ricollegare sia alla perdita delle cellule ciliate interne che esterne, in cui viene compromessa la capacit\u00e0 di udire i suoni morbidi, moderati e anche di alcuni suoni gravi. Il disturbo dovuto al danneggiamento dell\u2019orecchio interno influenza gravemente la chiarezza del suono ricevuto dal cervello. I pazienti affetti da ipoacusia severa o profonda osservano che gli apparecchi acustici rendono i suoni pi\u00f9 semplici da ascoltare, ma non necessariamente interamente comprensibili.<\/li><\/ul><\/div><\/div><\/div>\t\t\t\t\t\t\t\t<\/div>\n\t\t\t\t\t<\/div>\n\t\t<\/div>\n\t\t\t\t\t<\/div>\n\t\t<\/section>\n\t\t\t\t\t<\/div>\n\t\t<\/div>\n\t\t\t\t\t<\/div>\n\t\t<\/section>\n\t\t\t\t<section class=\"elementor-section elementor-top-section elementor-element elementor-element-5ff1dea elementor-section-stretched elementor-section-full_width elementor-section-height-default elementor-section-height-default elementor-invisible\" data-id=\"5ff1dea\" data-element_type=\"section\" data-settings=\"{&quot;stretch_section&quot;:&quot;section-stretched&quot;,&quot;background_background&quot;:&quot;classic&quot;,&quot;animation&quot;:&quot;fadeInRight&quot;}\">\n\t\t\t\t\t\t<div class=\"elementor-container elementor-column-gap-default\">\n\t\t\t\t\t<div class=\"elementor-column elementor-col-100 elementor-top-column elementor-element elementor-element-c86e3c4\" data-id=\"c86e3c4\" data-element_type=\"column\">\n\t\t\t<div class=\"elementor-widget-wrap elementor-element-populated\">\n\t\t\t\t\t\t<div class=\"elementor-element elementor-element-01ead60 elementor-widget elementor-widget-heading\" data-id=\"01ead60\" data-element_type=\"widget\" data-widget_type=\"heading.default\">\n\t\t\t\t\t<h2 class=\"elementor-heading-title elementor-size-default\">Fai il primo passo verso un udito migliore\n<\/h2>\t\t\t\t<\/div>\n\t\t\t\t<section class=\"elementor-section elementor-inner-section elementor-element elementor-element-1030b87 elementor-section-boxed elementor-section-height-default elementor-section-height-default\" data-id=\"1030b87\" data-element_type=\"section\">\n\t\t\t\t\t\t<div class=\"elementor-container elementor-column-gap-default\">\n\t\t\t\t\t<div class=\"elementor-column elementor-col-50 elementor-inner-column elementor-element elementor-element-0dea240\" data-id=\"0dea240\" data-element_type=\"column\">\n\t\t\t<div class=\"elementor-widget-wrap elementor-element-populated\">\n\t\t\t\t\t\t<div class=\"elementor-element elementor-element-24d60df elementor-widget elementor-widget-text-editor\" data-id=\"24d60df\" data-element_type=\"widget\" data-widget_type=\"text-editor.default\">\n\t\t\t\t\t\t\t\t\t<p>L\u2019ipoacusia \u00e8 un problema di salute che potrebbe richiedere cure mediche, quindi \u00e8 importante non ignorarlo. Se sospetti di avere o ti \u00e8 stata diagnosticata l\u2019ipoacusia, accettarne la presenza e agire in modo precoce, pu\u00f2 migliorare notevolmente la qualit\u00e0 della tua vita. Pianifica al pi\u00f9 presto una valutazione dell\u2019udito gratuita dal tuo medico o dal pi\u00f9 vicino audioprotesista Beltone.<\/p><p><strong>Effettua il test dell\u2019udito online.<\/strong><\/p><p>Pensi di avere problemi all\u2019udito? Per avere una prima risposta puoi fare il nostro test dell\u2019udito online. In meno di 5 minuti il test ti aiuter\u00e0 a valutare lo stato del tuo udito e a rilevare una possibile carenza uditiva, in modo da poter decidere, se potrebbe aver senso sostenere un esame completo dell\u2019udito presso un centro audioprotesistico.<\/p>\t\t\t\t\t\t\t\t<\/div>\n\t\t\t\t<div class=\"elementor-element elementor-element-037c7e1 elementor-align-left elementor-widget elementor-widget-button\" data-id=\"037c7e1\" data-element_type=\"widget\" data-widget_type=\"button.default\">\n\t\t\t\t\t\t\t\t\t\t<a class=\"elementor-button elementor-button-link elementor-size-sm\" href=\"https:\/\/slusniaparati-beltone.si\/it\/metti-alla-prova-il-tuo-udito\/\">\n\t\t\t\t\t\t<span class=\"elementor-button-content-wrapper\">\n\t\t\t\t\t\t\t\t\t<span class=\"elementor-button-text\">Effetua il test<\/span>\n\t\t\t\t\t<\/span>\n\t\t\t\t\t<\/a>\n\t\t\t\t\t\t\t\t<\/div>\n\t\t\t\t\t<\/div>\n\t\t<\/div>\n\t\t\t\t<div class=\"elementor-column elementor-col-50 elementor-inner-column elementor-element elementor-element-e9f5a2a\" data-id=\"e9f5a2a\" data-element_type=\"column\">\n\t\t\t<div class=\"elementor-widget-wrap elementor-element-populated\">\n\t\t\t\t\t\t<div class=\"elementor-element elementor-element-8cc0191 elementor-widget elementor-widget-image\" data-id=\"8cc0191\" data-element_type=\"widget\" data-widget_type=\"image.default\">\n\t\t\t\t\t\t\t\t\t\t\t\t\t\t\t<img decoding=\"async\" width=\"600\" height=\"338\" src=\"https:\/\/slusniaparati-beltone.si\/wp-content\/uploads\/2018\/10\/beltone-hearing-loss-check-your-hearing-online.jpg\" class=\"attachment-large size-large wp-image-2725\" alt=\"\" \/>\t\t\t\t\t\t\t\t\t\t\t\t\t\t\t<\/div>\n\t\t\t\t\t<\/div>\n\t\t<\/div>\n\t\t\t\t\t<\/div>\n\t\t<\/section>\n\t\t\t\t\t<\/div>\n\t\t<\/div>\n\t\t\t\t\t<\/div>\n\t\t<\/section>\n\t\t\t\t<\/div>\n\t\t","protected":false},"excerpt":{"rendered":"<p>Ipocausia Sapevi che una persona su quattro ha problemi di ipoacusia? Con l\u2019avanzare dell\u2019et\u00e0, la perdita dell\u2019udito risulta fisiologica, variando da persona a persona. Alla Beltone crediamo per\u00f2 fermamente che le persone possono essere aiutate a udire meglio. Per questo motivo ci siamo posti l\u2019obiettivo di aiutarti a monitorare e a conservare il tuo udito. [&hellip;]<\/p>\n","protected":false},"author":2,"featured_media":0,"parent":0,"menu_order":0,"comment_status":"closed","ping_status":"closed","template":"","meta":{"footnotes":""},"class_list":["post-2721","page","type-page","status-publish","hentry"],"_links":{"self":[{"href":"https:\/\/slusniaparati-beltone.si\/it\/wp-json\/wp\/v2\/pages\/2721","targetHints":{"allow":["GET"]}}],"collection":[{"href":"https:\/\/slusniaparati-beltone.si\/it\/wp-json\/wp\/v2\/pages"}],"about":[{"href":"https:\/\/slusniaparati-beltone.si\/it\/wp-json\/wp\/v2\/types\/page"}],"author":[{"embeddable":true,"href":"https:\/\/slusniaparati-beltone.si\/it\/wp-json\/wp\/v2\/users\/2"}],"replies":[{"embeddable":true,"href":"https:\/\/slusniaparati-beltone.si\/it\/wp-json\/wp\/v2\/comments?post=2721"}],"version-history":[{"count":11,"href":"https:\/\/slusniaparati-beltone.si\/it\/wp-json\/wp\/v2\/pages\/2721\/revisions"}],"predecessor-version":[{"id":5166,"href":"https:\/\/slusniaparati-beltone.si\/it\/wp-json\/wp\/v2\/pages\/2721\/revisions\/5166"}],"wp:attachment":[{"href":"https:\/\/slusniaparati-beltone.si\/it\/wp-json\/wp\/v2\/media?parent=2721"}],"curies":[{"name":"wp","href":"https:\/\/api.w.org\/{rel}","templated":true}]}}